{"id":1332,"date":"2021-05-30T14:08:16","date_gmt":"2021-05-30T13:08:16","guid":{"rendered":"https:\/\/safewheels.wordifysites.com\/?page_id=2"},"modified":"2025-11-12T18:08:32","modified_gmt":"2025-11-12T18:08:32","slug":"home","status":"publish","type":"page","link":"https:\/\/andenesdecarga.cl\/","title":{"rendered":"Home"},"content":{"rendered":"\n<section class=\"gb-element-2e133fa7\">\n<div class=\"gb-element-6ebba9ee\">\n<div class=\"gb-element-988ceeb4\">\n<h1 class=\"gb-text gb-text-c4fa2e48\"><strong>Fabricamos, instalamos y mantenemos andenes de carga industriales en todo Chile<\/strong><\/h1>\n\n\n\n<p class=\"gb-text gb-text-e148efa1\">Soluciones integrales en <strong>niveladores, rampas, sellos, puertas seccionales y obras civiles<\/strong>, dise\u00f1adas para optimizar tus operaciones log\u00edsticas con seguridad y precisi\u00f3n.<\/p>\n\n\n\n<a class=\"gb-text gb-text-f055064c smooth-scroll\" href=\"#contacto\">Cotiza tu proyecto<\/a>\n<\/div>\n<\/div>\n<\/section>\n\n\n\n<section class=\"gb-element-43ce0f73\">\n<div class=\"gb-element-111ff009\">\n<div>\n<div class=\"gb-text-e6efbbb3\"><span class=\"gb-shape\"><svg aria-hidden=\"true\" role=\"img\" height=\"1em\" width=\"1em\" viewBox=\"0 0 512 512\" xmlns=\"http:\/\/www.w3.org\/2000\/svg\"><path fill=\"currentColor\" d=\"M256 8C119.033 8 8 119.033 8 256s111.033 248 248 248 248-111.033 248-248S392.967 8 256 8zm0 48c110.532 0 200 89.451 200 200 0 110.532-89.451 200-200 200-110.532 0-200-89.451-200-200 0-110.532 89.451-200 200-200m140.204 130.267l-22.536-22.718c-4.667-4.705-12.265-4.736-16.97-.068L215.346 303.697l-59.792-60.277c-4.667-4.705-12.265-4.736-16.97-.069l-22.719 22.536c-4.705 4.667-4.736 12.265-.068 16.971l90.781 91.516c4.667 4.705 12.265 4.736 16.97.068l172.589-171.204c4.704-4.668 4.734-12.266.067-16.971z\"><\/path><\/svg><\/span><\/div>\n<\/div>\n\n\n\n<div class=\"gb-element-6f258f63\">\n<h2 class=\"gb-text gb-text-155cf3fc\">M\u00e1s seguridad, eficiencia y control en cada operaci\u00f3n<\/h2>\n\n\n\n<p class=\"gb-text gb-text-9aed937e\">Fabricamos, reparamos y modernizamos sistemas de carga con soluciones a medida, garantizando seguridad, rapidez y funcionamiento \u00f3ptimo en cada embarque o descarga.<\/p>\n\n\n\n<div class=\"gb-element-3831c62f\">\n<div class=\"gb-text-752fda2a\"><span class=\"gb-shape\"><svg viewBox=\"0 0 512 512\" xmlns=\"http:\/\/www.w3.org\/2000\/svg\">  \t \t\t<path d=\"M452.028,222.199C447.087,131.883,361.062,59.733,256,59.733S64.913,131.883,59.972,222.199 \t\t\tC25.745,224.683,0,242.372,0,264.533v34.133c0,23.927,29.986,42.667,68.267,42.667c4.719,0,8.533-3.814,8.533-8.533V230.4 \t\t\tc0-84.693,80.393-153.6,179.2-153.6s179.2,68.907,179.2,153.6v98.867l-20.599,20.599h-17.664 \t\t\tc8.115-20.659,12.664-43.401,12.664-67.32c0-93.585-68.907-169.719-153.6-169.719s-153.6,76.134-153.6,169.719 \t\t\tS171.307,452.267,256,452.267c56.883,0,106.53-34.423,133.077-85.333h29.056c2.27,0,4.437-0.896,6.033-2.5l23.159-23.159 \t\t\tc36.548-1.126,64.674-19.43,64.674-42.607v-34.133C512,242.372,486.255,224.683,452.028,222.199z M378.351,349.875h-79.684 \t\t\tc0-14.114-11.486-25.6-25.6-25.6h-34.133c-14.114,0-25.6,11.486-25.6,25.6v17.067c0,14.114,11.486,25.6,25.6,25.6h34.133 \t\t\tc14.114,0,25.6-11.486,25.6-25.6h71.014C345.19,408.038,303.394,435.2,256,435.2c-75.281,0-136.533-68.471-136.533-152.653 \t\t\tS180.719,129.903,256,129.903s136.533,68.471,136.533,152.653C392.533,306.739,387.345,329.532,378.351,349.875z\"><\/path> \t                                <\/svg><\/span><\/div>\n\n\n\n<div>\n<p class=\"gb-text gb-text-7daa10ee\">Habla con un especialista<\/p>\n\n\n\n<p class=\"gb-text gb-text-e8b92791 enlace-blanco\"><a href=\"tel:56999976040\" data-type=\"tel\" data-id=\"tel:56999976040\">+569 9997 6040<\/a><\/p>\n<\/div>\n<\/div>\n<\/div>\n<\/div>\n<\/section>\n\n\n\n<section class=\"gb-element-02d7f0ae\">\n<div class=\"gb-element-8875a48f\" id=\"quienes-somos\">\n<div class=\"gb-element-327e260a\">\n<img loading=\"lazy\" decoding=\"async\" width=\"798\" height=\"599\" class=\"gb-media-9ea96152\" src=\"https:\/\/andenesdecarga.cl\/wp-content\/uploads\/2025\/11\/andenes-de-carga.jpg\" title=\"andenes-de-carga\" alt=\"\" srcset=\"https:\/\/andenesdecarga.cl\/wp-content\/uploads\/2025\/11\/andenes-de-carga.jpg 798w, https:\/\/andenesdecarga.cl\/wp-content\/uploads\/2025\/11\/andenes-de-carga-300x225.jpg 300w, https:\/\/andenesdecarga.cl\/wp-content\/uploads\/2025\/11\/andenes-de-carga-768x576.jpg 768w\" sizes=\"auto, (max-width: 798px) 100vw, 798px\" \/>\n\n\n\n<div class=\"gb-element-fff039aa\">\n<div class=\"gb-element-12981c66\">\n<div class=\"gb-text-63663139\"><span class=\"gb-shape\"><svg aria-hidden=\"true\" role=\"img\" height=\"1em\" width=\"1em\" viewBox=\"0 0 384 512\" xmlns=\"http:\/\/www.w3.org\/2000\/svg\"><path fill=\"currentColor\" d=\"M97.12 362.63c-8.69-8.69-4.16-6.24-25.12-11.85-9.51-2.55-17.87-7.45-25.43-13.32L1.2 448.7c-4.39 10.77 3.81 22.47 15.43 22.03l52.69-2.01L105.56 507c8 8.44 22.04 5.81 26.43-4.96l52.05-127.62c-10.84 6.04-22.87 9.58-35.31 9.58-19.5 0-37.82-7.59-51.61-21.37zM382.8 448.7l-45.37-111.24c-7.56 5.88-15.92 10.77-25.43 13.32-21.07 5.64-16.45 3.18-25.12 11.85-13.79 13.78-32.12 21.37-51.62 21.37-12.44 0-24.47-3.55-35.31-9.58L252 502.04c4.39 10.77 18.44 13.4 26.43 4.96l36.25-38.28 52.69 2.01c11.62.44 19.82-11.27 15.43-22.03zM263 340c15.28-15.55 17.03-14.21 38.79-20.14 13.89-3.79 24.75-14.84 28.47-28.98 7.48-28.4 5.54-24.97 25.95-45.75 10.17-10.35 14.14-25.44 10.42-39.58-7.47-28.38-7.48-24.42 0-52.83 3.72-14.14-.25-29.23-10.42-39.58-20.41-20.78-18.47-17.36-25.95-45.75-3.72-14.14-14.58-25.19-28.47-28.98-27.88-7.61-24.52-5.62-44.95-26.41-10.17-10.35-25-14.4-38.89-10.61-27.87 7.6-23.98 7.61-51.9 0-13.89-3.79-28.72.25-38.89 10.61-20.41 20.78-17.05 18.8-44.94 26.41-13.89 3.79-24.75 14.84-28.47 28.98-7.47 28.39-5.54 24.97-25.95 45.75-10.17 10.35-14.15 25.44-10.42 39.58 7.47 28.36 7.48 24.4 0 52.82-3.72 14.14.25 29.23 10.42 39.59 20.41 20.78 18.47 17.35 25.95 45.75 3.72 14.14 14.58 25.19 28.47 28.98C104.6 325.96 106.27 325 121 340c13.23 13.47 33.84 15.88 49.74 5.82a39.676 39.676 0 0 1 42.53 0c15.89 10.06 36.5 7.65 49.73-5.82zM97.66 175.96c0-53.03 42.24-96.02 94.34-96.02s94.34 42.99 94.34 96.02-42.24 96.02-94.34 96.02-94.34-42.99-94.34-96.02z\"><\/path><\/svg><\/span><\/div>\n\n\n\n<div>\n<p class=\"gb-text gb-text-1a7f0e91\">+20 a\u00f1os<\/p>\n\n\n\n<p class=\"gb-text gb-text-99211861\">Experiencia<\/p>\n<\/div>\n<\/div>\n\n\n\n<div class=\"gb-element-8629278c\">\n<div class=\"gb-text-06a3bc3b\"><span class=\"gb-shape\"><svg aria-hidden=\"true\" role=\"img\" height=\"1em\" width=\"1em\" viewBox=\"0 0 496 512\" xmlns=\"http:\/\/www.w3.org\/2000\/svg\"><path fill=\"currentColor\" d=\"M248 8C111 8 0 119 0 256s111 248 248 248 248-111 248-248S385 8 248 8zm0 96c48.6 0 88 39.4 88 88s-39.4 88-88 88-88-39.4-88-88 39.4-88 88-88zm0 344c-58.7 0-111.3-26.6-146.5-68.2 18.8-35.4 55.6-59.8 98.5-59.8 2.4 0 4.8.4 7.1 1.1 13 4.2 26.6 6.9 40.9 6.9 14.3 0 28-2.7 40.9-6.9 2.3-.7 4.7-1.1 7.1-1.1 42.9 0 79.7 24.4 98.5 59.8C359.3 421.4 306.7 448 248 448z\"><\/path><\/svg><\/span><\/div>\n\n\n\n<div class=\"gb-element-081a1ce8\">\n<p class=\"gb-text gb-text-f925539d\">+200<\/p>\n\n\n\n<p class=\"gb-text gb-text-133b0253\">Empresas Satisfechas<\/p>\n<\/div>\n<\/div>\n<\/div>\n<\/div>\n\n\n\n<div class=\"gb-element-1bb69474\">\n<h2 class=\"gb-text-b63c935f\"><span class=\"gb-shape\"><svg aria-hidden=\"true\" role=\"img\" height=\"1em\" width=\"1em\" viewBox=\"0 0 256 512\" xmlns=\"http:\/\/www.w3.org\/2000\/svg\"><path fill=\"currentColor\" d=\"M224.3 273l-136 136c-9.4 9.4-24.6 9.4-33.9 0l-22.6-22.6c-9.4-9.4-9.4-24.6 0-33.9l96.4-96.4-96.4-96.4c-9.4-9.4-9.4-24.6 0-33.9L54.3 103c9.4-9.4 24.6-9.4 33.9 0l136 136c9.5 9.4 9.5 24.6.1 34z\"><\/path><\/svg><\/span><span class=\"gb-text\">\u00bfQui\u00e9nes somos?<\/span><\/h2>\n\n\n\n<h2 class=\"gb-text gb-text-418f0168\">Especialistas en Andenes de Carga<\/h2>\n\n\n\n<div>\n<p class=\"gb-text\">En <strong>Andenes de Carga<\/strong> somos especialistas en el <strong>dise\u00f1o, fabricaci\u00f3n, instalaci\u00f3n y mantenimiento<\/strong> de sistemas de carga para bodegas, centros de distribuci\u00f3n y plantas industriales.<\/p>\n<\/div>\n\n\n\n<p>Nos enfocamos en ofrecer soluciones <strong>seguras, duraderas y adaptadas a cada espacio operativo<\/strong>, con un equipo t\u00e9cnico que combina experiencia en terreno, ingenier\u00eda met\u00e1lica y conocimiento de los est\u00e1ndares log\u00edsticos actuales.<\/p>\n<\/div>\n<\/div>\n<\/section>\n\n\n\n<section class=\"gb-element-8d04ac5b\">\n<div class=\"gb-element-c813ceba\" id=\"servicios\">\n<h2 class=\"gb-text-1f090e30\"><span class=\"gb-shape\"><svg aria-hidden=\"true\" role=\"img\" height=\"1em\" width=\"1em\" viewBox=\"0 0 256 512\" xmlns=\"http:\/\/www.w3.org\/2000\/svg\"><path fill=\"currentColor\" d=\"M224.3 273l-136 136c-9.4 9.4-24.6 9.4-33.9 0l-22.6-22.6c-9.4-9.4-9.4-24.6 0-33.9l96.4-96.4-96.4-96.4c-9.4-9.4-9.4-24.6 0-33.9L54.3 103c9.4-9.4 24.6-9.4 33.9 0l136 136c9.5 9.4 9.5 24.6.1 34z\"><\/path><\/svg><\/span><span class=\"gb-text\">servicios<\/span><\/h2>\n\n\n\n<h2 class=\"gb-text gb-text-41e456bf\">Ofrecemos soluciones integrales para la operaci\u00f3n segura y eficiente de tus andenes de carga.<\/h2>\n\n\n\n<div class=\"gb-element-1ef1c4ce\">\n<div class=\"gb-element-6a1686e8\">\n<h3 class=\"gb-text gb-text-a6c88df9\">Fabricaci\u00f3n y remodelaci\u00f3n de andenes<\/h3>\n\n\n\n<p class=\"gb-text\">Dise\u00f1amos y ejecutamos proyectos completos de construcci\u00f3n o remodelaci\u00f3n de andenes de carga, con estructuras met\u00e1licas, obras civiles y acabados industriales de alta resistencia.<\/p>\n<\/div>\n\n\n\n<div class=\"gb-element-a007a496\">\n<h3 class=\"gb-text gb-text-1ec8f7c0\"><strong>Instalaci\u00f3n de niveladores de and\u00e9n<\/strong><\/h3>\n\n\n\n<p class=\"gb-text\">Instalamos niveladores mec\u00e1nicos, hidr\u00e1ulicos o neum\u00e1ticos, garantizando una conexi\u00f3n segura y precisa entre el cami\u00f3n y la bodega para optimizar la carga y descarga.<\/p>\n<\/div>\n\n\n\n<div class=\"gb-element-6a2fc8b5\">\n<h3 class=\"gb-text gb-text-97d5e540\"><strong>Mantenci\u00f3n y reparaci\u00f3n de andenes<\/strong><\/h3>\n\n\n\n<p class=\"gb-text\">Ejecutamos servicios preventivos y correctivos para mantener tus andenes en perfecto estado. Reparamos niveladores, sellos y estructuras met\u00e1licas con rapidez y precisi\u00f3n.<\/p>\n<\/div>\n\n\n\n<div class=\"gb-element-325dcef0\">\n<h3 class=\"gb-text gb-text-e154b263\"><strong>Puertas seccionales industriales<\/strong><\/h3>\n\n\n\n<p class=\"gb-text\">Instalamos y reparamos puertas seccionales para andenes y naves industriales. Cambiamos resortes, piolas, gu\u00edas y paneles para mantener su operaci\u00f3n segura y confiable.<\/p>\n<\/div>\n\n\n\n<div class=\"gb-element-2baffbff\">\n<h3 class=\"gb-text gb-text-d513fe8e\"><strong><strong>Sellos y cabezales de and\u00e9n<\/strong><\/strong><\/h3>\n\n\n\n<p class=\"gb-text\">Fabricamos e instalamos sellos perimetrales y cabezales de and\u00e9n que mejoran la estanqueidad, protegen la carga y optimizan la eficiencia energ\u00e9tica del \u00e1rea de trabajo.<\/p>\n<\/div>\n\n\n\n<div class=\"gb-element-eed0f2e1\">\n<h3 class=\"gb-text gb-text-8938d067\"><strong><strong>Sistemas de seguridad y se\u00f1alizaci\u00f3n<\/strong><\/strong><\/h3>\n\n\n\n<p class=\"gb-text\">Implementamos topes, luces, barreras y se\u00f1alizaci\u00f3n industrial que mejoran la seguridad del entorno de carga, previenen accidentes y aseguran el control operativo.<\/p>\n<\/div>\n<\/div>\n<\/div>\n<\/section>\n\n\n\n<section class=\"gb-element-fd1b6618\">\n<div class=\"gb-element-a6318539\" id=\"porque-elegirnos\">\n<h2 class=\"gb-text-d79da463\"><span class=\"gb-shape\"><svg aria-hidden=\"true\" role=\"img\" height=\"1em\" width=\"1em\" viewBox=\"0 0 256 512\" xmlns=\"http:\/\/www.w3.org\/2000\/svg\"><path fill=\"currentColor\" d=\"M224.3 273l-136 136c-9.4 9.4-24.6 9.4-33.9 0l-22.6-22.6c-9.4-9.4-9.4-24.6 0-33.9l96.4-96.4-96.4-96.4c-9.4-9.4-9.4-24.6 0-33.9L54.3 103c9.4-9.4 24.6-9.4 33.9 0l136 136c9.5 9.4 9.5 24.6.1 34z\"><\/path><\/svg><\/span><span class=\"gb-text\">\u00bfPor qu\u00e9 elegirnos?<\/span><\/h2>\n\n\n\n<h2 class=\"gb-text gb-text-08def233\">Ofrecemos soluciones industriales<\/h2>\n\n\n\n<div class=\"gb-element-dd4771d0\">\n<div class=\"gb-element-c2f1184f\">\n<img loading=\"lazy\" decoding=\"async\" width=\"901\" height=\"1600\" class=\"gb-media-7613db50\" src=\"https:\/\/andenesdecarga.cl\/wp-content\/uploads\/2025\/11\/andes-carga.jpeg\" title=\"andes-carga\" alt=\"\" srcset=\"https:\/\/andenesdecarga.cl\/wp-content\/uploads\/2025\/11\/andes-carga.jpeg 901w, https:\/\/andenesdecarga.cl\/wp-content\/uploads\/2025\/11\/andes-carga-169x300.jpeg 169w, https:\/\/andenesdecarga.cl\/wp-content\/uploads\/2025\/11\/andes-carga-577x1024.jpeg 577w, https:\/\/andenesdecarga.cl\/wp-content\/uploads\/2025\/11\/andes-carga-768x1364.jpeg 768w, https:\/\/andenesdecarga.cl\/wp-content\/uploads\/2025\/11\/andes-carga-865x1536.jpeg 865w\" sizes=\"auto, (max-width: 901px) 100vw, 901px\" \/>\n<\/div>\n\n\n\n<div class=\"gb-element-7608c678\">\n<p class=\"gb-text gb-text-b51dcf7c\">En cada proyecto nos enfocamos en la calidad del resultado y en la seguridad del proceso. Nuestro compromiso va m\u00e1s all\u00e1 de instalar un and\u00e9n: buscamos ser un aliado t\u00e9cnico que entiende la importancia de mantener tu operaci\u00f3n siempre activa.<\/p>\n\n\n\n<h3 class=\"gb-text gb-text-c28a19fb\">Compromiso real con el cliente<\/h3>\n\n\n\n<div class=\"gb-element-179463fe\">\n<div class=\"gb-element-589b30ae\"><\/div>\n<\/div>\n\n\n\n<h3 class=\"gb-text gb-text-43fdfcf3\">Experiencia en terreno<\/h3>\n\n\n\n<div class=\"gb-element-07488206\">\n<div class=\"gb-element-531b32f1\"><\/div>\n<\/div>\n\n\n\n<h3 class=\"gb-text gb-text-fb6844cb\">Soluciones confiables y duraderas<\/h3>\n\n\n\n<div class=\"gb-element-36f403f3\">\n<div class=\"gb-element-5a5a4470\"><\/div>\n<\/div>\n\n\n\n<h3 class=\"gb-text gb-text-d20e0398\">Equipo t\u00e9cnico especializado<\/h3>\n\n\n\n<div class=\"gb-element-91b635e6\">\n<div class=\"gb-element-26c8d06b\"><\/div>\n<\/div>\n\n\n\n<a class=\"gb-text gb-text-97f54b1e\" href=\"tel:56999976040\">Cont\u00e1ctanos<\/a>\n<\/div>\n<\/div>\n<\/div>\n<\/section>\n\n\n\n<section class=\"gb-element-0900225e\" id=\"geleria\">\n<h2 class=\"gb-text-04c1a4d9\"><span class=\"gb-shape\"><svg aria-hidden=\"true\" role=\"img\" height=\"1em\" width=\"1em\" viewBox=\"0 0 256 512\" xmlns=\"http:\/\/www.w3.org\/2000\/svg\"><path fill=\"currentColor\" d=\"M224.3 273l-136 136c-9.4 9.4-24.6 9.4-33.9 0l-22.6-22.6c-9.4-9.4-9.4-24.6 0-33.9l96.4-96.4-96.4-96.4c-9.4-9.4-9.4-24.6 0-33.9L54.3 103c9.4-9.4 24.6-9.4 33.9 0l136 136c9.5 9.4 9.5 24.6.1 34z\"><\/path><\/svg><\/span><span class=\"gb-text\">Galeria<\/span><\/h2>\n\n\n\n<h2 class=\"gb-text gb-text-b625536b\">Alguno de nuestros trabajos<\/h2>\n\n\n\n<div class=\"gb-element-c758fe42\">\n<div class=\"gb-element-6f4e9a5a\">\n<div class=\"gb-element-cf261894\"><\/div>\n<\/div>\n\n\n\n<div class=\"gb-element-f969a653\">\n<div class=\"gb-element-7331821b\"><\/div>\n<\/div>\n\n\n\n<div class=\"gb-element-e47c4b69\">\n<div class=\"gb-element-aa5080f0\"><\/div>\n<\/div>\n\n\n\n<div class=\"gb-element-be6165f2\">\n<div class=\"gb-element-0e9679ff\"><\/div>\n<\/div>\n\n\n\n<div class=\"gb-element-7a622573\">\n<div class=\"gb-element-f5ca532a\"><\/div>\n<\/div>\n\n\n\n<div class=\"gb-element-90ec01bb\">\n<div class=\"gb-element-f7576f3b\"><\/div>\n<\/div>\n\n\n\n<div class=\"gb-element-34bf2d13\">\n<div class=\"gb-element-b4bf6dd2\"><\/div>\n<\/div>\n\n\n\n<div class=\"gb-element-44027c40\">\n<div class=\"gb-element-360f5795\"><\/div>\n<\/div>\n\n\n\n<div class=\"gb-element-5a384059\">\n<div class=\"gb-element-65092a93\"><\/div>\n<\/div>\n<\/div>\n<\/section>\n\n\n\n<section class=\"gb-element-b6785889\">\n<div class=\"gb-element-4fd900ad\" id=\"testimonios\">\n<h2 class=\"gb-text-69c10393\"><span class=\"gb-shape\"><svg aria-hidden=\"true\" role=\"img\" height=\"1em\" width=\"1em\" viewBox=\"0 0 256 512\" xmlns=\"http:\/\/www.w3.org\/2000\/svg\"><path fill=\"currentColor\" d=\"M224.3 273l-136 136c-9.4 9.4-24.6 9.4-33.9 0l-22.6-22.6c-9.4-9.4-9.4-24.6 0-33.9l96.4-96.4-96.4-96.4c-9.4-9.4-9.4-24.6 0-33.9L54.3 103c9.4-9.4 24.6-9.4 33.9 0l136 136c9.5 9.4 9.5 24.6.1 34z\"><\/path><\/svg><\/span><span class=\"gb-text\">Testimonios<\/span><\/h2>\n\n\n\n<h2 class=\"gb-text gb-text-34d6835b\">La satisfacci\u00f3n de nuestros clientes refleja el compromiso y la calidad en cada proyecto que realizamos.<\/h2>\n\n\n\n<div class=\"gb-element-3a3bdd34\">\n<div class=\"gb-element-851aa0c4\">\n<div class=\"gb-element-af843e98\">\n<p class=\"gb-text gb-text-42ee45e2\">\u00abNecesit\u00e1bamos la reparaci\u00f3n urgente de varias puertas seccionales y niveladores. El equipo lleg\u00f3 puntual, diagnostic\u00f3 todo con claridad y dej\u00f3 los andenes funcionando como nuevos.\u00bb<\/p>\n\n\n\n<div class=\"gb-element-200605dd\">\n<div><\/div>\n\n\n\n<div>\n<h3 class=\"gb-text gb-text-e832fbad\">Centro de Distribuci\u00f3n<\/h3>\n\n\n\n<p class=\"gb-text gb-text-044e3af9\">Encargado de Mantenci\u00f3n<\/p>\n<\/div>\n<\/div>\n<\/div>\n<\/div>\n\n\n\n<div class=\"gb-element-45459db6\">\n<div class=\"gb-element-d6692382\">\n<p class=\"gb-text gb-text-e3b0e467\">\u00abContratamos la fabricaci\u00f3n y montaje de un nuevo muelle de carga. Cumplieron con los plazos, la estructura qued\u00f3 s\u00f3lida y bien terminada. Se nota la experiencia en este tipo de proyectos.\u00bb<\/p>\n\n\n\n<div class=\"gb-element-f82142dc\">\n<div><\/div>\n\n\n\n<div>\n<h3 class=\"gb-text gb-text-ac80c15c\">Planta Industrial<\/h3>\n\n\n\n<p class=\"gb-text gb-text-25e6aaaf\">Supervisor de Operaciones<\/p>\n<\/div>\n<\/div>\n<\/div>\n<\/div>\n<\/div>\n<\/div>\n<\/section>\n\n\n\n<section class=\"gb-element-062df5da\">\n<div class=\"gb-element-603067fd\">\n<div class=\"gb-element-10283277\">\n<img loading=\"lazy\" decoding=\"async\" width=\"1440\" height=\"2560\" class=\"gb-media-a38539e6\" src=\"https:\/\/andenesdecarga.cl\/wp-content\/uploads\/2025\/11\/IMG-20251015-WA0010-scaled.jpeg\" title=\"IMG-20251015-WA0010\" alt=\"\" srcset=\"https:\/\/andenesdecarga.cl\/wp-content\/uploads\/2025\/11\/IMG-20251015-WA0010-scaled.jpeg 1440w, https:\/\/andenesdecarga.cl\/wp-content\/uploads\/2025\/11\/IMG-20251015-WA0010-169x300.jpeg 169w, https:\/\/andenesdecarga.cl\/wp-content\/uploads\/2025\/11\/IMG-20251015-WA0010-576x1024.jpeg 576w, https:\/\/andenesdecarga.cl\/wp-content\/uploads\/2025\/11\/IMG-20251015-WA0010-768x1365.jpeg 768w, https:\/\/andenesdecarga.cl\/wp-content\/uploads\/2025\/11\/IMG-20251015-WA0010-864x1536.jpeg 864w, https:\/\/andenesdecarga.cl\/wp-content\/uploads\/2025\/11\/IMG-20251015-WA0010-1152x2048.jpeg 1152w\" sizes=\"auto, (max-width: 1440px) 100vw, 1440px\" \/>\n<\/div>\n\n\n\n<div class=\"gb-element-fc1d6741\">\n<h2 class=\"gb-text-9c7dc771\"><span class=\"gb-shape\"><svg aria-hidden=\"true\" role=\"img\" height=\"1em\" width=\"1em\" viewBox=\"0 0 256 512\" xmlns=\"http:\/\/www.w3.org\/2000\/svg\"><path fill=\"currentColor\" d=\"M224.3 273l-136 136c-9.4 9.4-24.6 9.4-33.9 0l-22.6-22.6c-9.4-9.4-9.4-24.6 0-33.9l96.4-96.4-96.4-96.4c-9.4-9.4-9.4-24.6 0-33.9L54.3 103c9.4-9.4 24.6-9.4 33.9 0l136 136c9.5 9.4 9.5 24.6.1 34z\"><\/path><\/svg><\/span><span class=\"gb-text\">D\u00e9janos un mensaje<\/span><\/h2>\n\n\n\n<h2 class=\"gb-text gb-text-754da08b\">Cotiza tu servicio<\/h2>\n\n\n\n<div class=\"gb-element-684a8bc8\">\n<div class=\"wpcf7 no-js\" id=\"wpcf7-f1477-o1\" lang=\"es-ES\" dir=\"ltr\" data-wpcf7-id=\"1477\">\n<div class=\"screen-reader-response\"><p role=\"status\" aria-live=\"polite\" aria-atomic=\"true\"><\/p> <ul><\/ul><\/div>\n<form action=\"\/index.php\/wp-json\/wp\/v2\/pages\/1332#wpcf7-f1477-o1\" method=\"post\" class=\"wpcf7-form init\" aria-label=\"Formulario de contacto\" novalidate=\"novalidate\" data-status=\"init\">\n<fieldset class=\"hidden-fields-container\"><input type=\"hidden\" name=\"_wpcf7\" value=\"1477\" \/><input type=\"hidden\" name=\"_wpcf7_version\" value=\"6.1.3\" \/><input type=\"hidden\" name=\"_wpcf7_locale\" value=\"es_ES\" \/><input type=\"hidden\" name=\"_wpcf7_unit_tag\" value=\"wpcf7-f1477-o1\" \/><input type=\"hidden\" name=\"_wpcf7_container_post\" value=\"0\" \/><input type=\"hidden\" name=\"_wpcf7_posted_data_hash\" value=\"\" \/>\n<\/fieldset>\n<p><span class=\"wpcf7-form-control-wrap\" data-name=\"first-name\"><input size=\"40\" maxlength=\"400\" class=\"wpcf7-form-control wpcf7-text wpcf7-validates-as-required\" aria-required=\"true\" aria-invalid=\"false\" placeholder=\"Escribe tu nombre\" value=\"\" type=\"text\" name=\"first-name\" \/><\/span>\n<\/p>\n<p><span class=\"wpcf7-form-control-wrap\" data-name=\"your-email\"><input size=\"40\" maxlength=\"400\" class=\"wpcf7-form-control wpcf7-email wpcf7-validates-as-required wpcf7-text wpcf7-validates-as-email\" aria-required=\"true\" aria-invalid=\"false\" placeholder=\"ejemplo@ejemplo.com\" value=\"\" type=\"email\" name=\"your-email\" \/><\/span>\n<\/p>\n<p><span class=\"wpcf7-form-control-wrap\" data-name=\"your-phone\"><input size=\"40\" maxlength=\"400\" class=\"wpcf7-form-control wpcf7-text wpcf7-validates-as-required\" aria-required=\"true\" aria-invalid=\"false\" placeholder=\"9 XXXX XX XX\" value=\"\" type=\"text\" name=\"your-phone\" \/><\/span>\n<\/p>\n<p><span class=\"wpcf7-form-control-wrap\" data-name=\"your-message\"><textarea cols=\"40\" rows=\"10\" maxlength=\"2000\" class=\"wpcf7-form-control wpcf7-textarea\" aria-invalid=\"false\" placeholder=\"\u00bfC\u00f3mo podemos ayudarte hoy?\" name=\"your-message\"><\/textarea><\/span>\n<\/p>\n<p><input class=\"wpcf7-form-control wpcf7-submit has-spinner\" type=\"submit\" value=\"Enviar\" \/>\n<\/p><div class=\"wpcf7-response-output\" aria-hidden=\"true\"><\/div>\n<\/form>\n<\/div>\n\n<\/div>\n<\/div>\n<\/div>\n<\/section>\n\n\n\n<p><\/p>\n","protected":false},"excerpt":{"rendered":"<p>Fabricamos, instalamos y mantenemos andenes de carga industriales en todo Chile Soluciones integrales en niveladores, rampas, sellos, puertas seccionales y obras civiles, dise\u00f1adas para optimizar tus operaciones log\u00edsticas con seguridad y precisi\u00f3n. Cotiza tu proyecto M\u00e1s seguridad, eficiencia y control en cada operaci\u00f3n Fabricamos, reparamos y modernizamos sistemas de carga con soluciones a medida, garantizando &#8230; <a title=\"Home\" class=\"read-more\" href=\"https:\/\/andenesdecarga.cl\/\" aria-label=\"Leer m\u00e1s sobre Home\">Leer m\u00e1s<\/a><\/p>\n","protected":false},"author":1,"featured_media":0,"parent":0,"menu_order":0,"comment_status":"closed","ping_status":"open","template":"","meta":{"_joinchat":[],"footnotes":""},"class_list":["post-1332","page","type-page","status-publish"],"_links":{"self":[{"href":"https:\/\/andenesdecarga.cl\/index.php\/wp-json\/wp\/v2\/pages\/1332","targetHints":{"allow":["GET"]}}],"collection":[{"href":"https:\/\/andenesdecarga.cl\/index.php\/wp-json\/wp\/v2\/pages"}],"about":[{"href":"https:\/\/andenesdecarga.cl\/index.php\/wp-json\/wp\/v2\/types\/page"}],"author":[{"embeddable":true,"href":"https:\/\/andenesdecarga.cl\/index.php\/wp-json\/wp\/v2\/users\/1"}],"replies":[{"embeddable":true,"href":"https:\/\/andenesdecarga.cl\/index.php\/wp-json\/wp\/v2\/comments?post=1332"}],"version-history":[{"count":87,"href":"https:\/\/andenesdecarga.cl\/index.php\/wp-json\/wp\/v2\/pages\/1332\/revisions"}],"predecessor-version":[{"id":1524,"href":"https:\/\/andenesdecarga.cl\/index.php\/wp-json\/wp\/v2\/pages\/1332\/revisions\/1524"}],"wp:attachment":[{"href":"https:\/\/andenesdecarga.cl\/index.php\/wp-json\/wp\/v2\/media?parent=1332"}],"curies":[{"name":"wp","href":"https:\/\/api.w.org\/{rel}","templated":true}]}}